{"id":1818,"date":"2014-03-18T10:02:39","date_gmt":"2014-03-18T10:02:39","guid":{"rendered":"http:\/\/the7.dream-demo.com\/business\/?page_id=5"},"modified":"2021-11-24T20:49:21","modified_gmt":"2021-11-24T20:49:21","slug":"a-propos","status":"publish","type":"page","link":"http:\/\/www.digital-asbl.be\/fr\/","title":{"rendered":"Home"},"content":{"rendered":"<div class=\"wpb-content-wrapper\"><p>[vc_row full_width=\u00a0\u00bbstretch_row\u00a0\u00bb bg_type=\u00a0\u00bbimage\u00a0\u00bb parallax_style=\u00a0\u00bbvcpb-vz-jquery\u00a0\u00bb bg_image_new=\u00a0\u00bbid^1616|url^http:\/\/www.digital-asbl.be\/wp-content\/uploads\/2014\/03\/fancyblue.gif|caption^null|alt^null|title^fancyblue|description^null\u00a0\u00bb bg_image_repeat=\u00a0\u00bbno-repeat\u00a0\u00bb bg_override=\u00a0\u00bbex-full\u00a0\u00bb type=\u00a0\u00bbvc_default\u00a0\u00bb margin_top=\u00a0\u00bb-50&Prime; css=\u00a0\u00bb.vc_custom_1631564047419{padding-top: 10% !important;padding-bottom: 10% !important;background: #0b5482 url(http:\/\/www.digital-asbl.be\/wp-content\/uploads\/revslider\/The7-creative-hero-image\/ree1.gif?id=2120) !important;}\u00a0\u00bb][vc_column offset=\u00a0\u00bbvc_col-lg-12 vc_col-md-12&Prime; css=\u00a0\u00bb.vc_custom_1526058643829{padding-top: 100px !important;padding-bottom: 20px !important;}\u00a0\u00bb][vc_column_text content_nl_be=\u00a0\u00bb<\/p>\n<h1><strong>DIGITAAL<br \/>\nIN DE NON-PROFITSECTOR<br \/>\nIN BELGI\u00cb<\/strong><\/h1>\n<p>\u00a0\u00bb content_fr_be=\u00a0\u00bb<\/p>\n<h1><strong>LE DIGITAL<br \/>\nDANS LE SECTEUR ASSOCIATIF<br \/>\nEN BELGIQUE<\/strong><\/h1>\n<p>\u00a0\u00bb css=\u00a0\u00bb.vc_custom_1631898448941{margin-bottom: 20px !important;}\u00a0\u00bb]<\/p>\n<h1 style=\"text-align: left;\"><strong>DIGITAL<br \/>\nIN THE NON-PROFIT SECTOR<br \/>\nIN BELGIUM<\/strong><\/h1>\n<p>[\/vc_column_text][\/vc_column][\/vc_row][vc_row css=\u00a0\u00bb.vc_custom_1627918334002{padding-bottom: 30px !important;}\u00a0\u00bb][vc_column][vc_column_text content_nl_be=\u00a0\u00bb<\/p>\n<h2><strong>Een breed spectrum studie om de digitale maturiteit van uw organisatie beter te situeren in het Belgische associatieve landschap en om actie te ondernemen<\/strong><\/h2>\n<p>\u00a0\u00bb content_fr_be=\u00a0\u00bb<\/p>\n<h2><strong>Une \u00e9tude \u00e0 large spectre pour \u00e9valuer la maturit\u00e9 digitale de votre organisation dans le paysage associatif belge et pour prendre action<\/strong><\/h2>\n<p>\u00ab\u00a0]<\/p>\n<h2 style=\"text-align: center;\"><strong>Une \u00e9tude \u00e0 large spectre pour \u00e9valuer la maturit\u00e9 digitale de votre organisation dans le paysage associatif belge et pour prendre action<\/strong><\/h2>\n<p>[\/vc_column_text][vc_empty_space][vc_row_inner][vc_column_inner width=\u00a0\u00bb2\/3&Prime;][vc_column_text content_nl_be=\u00a0\u00bbDeelname aan deze enqu\u00eate vraagt slechts 15 tot 20 minuten van uw tijd.<\/p>\n<p>Eind januari 2022 ontvangt u het volledige verslag. Zo kunt u zien waar u staat ten opzichte van het Belgische gemiddelde en kunt u verbeterpunten voor uw eigen organisatie bepalen. Vanaf 5 antwoorden of meer bieden we u een persoonlijke &amp; gratis terugkoppeling met een onafhankelijke deskundige aan.\u00a0\u00bb content_fr_be=\u00a0\u00bbPour participer \u00e0 cette enqu\u00eate, 10 \u00e0 15 minutes de votre temps suffisent.<\/p>\n<p>En janvier 2022, vous recevrez le rapport complet. Cela vous permettra de vous situer par rapport \u00e0 la moyenne belge et d&rsquo;identifier les points d&rsquo;am\u00e9liorations pour votre propre organisation. Si vous r\u00e9pondez \u00e0 5 ou plus, vous profitez \u00e9galement d&rsquo;une s\u00e9ance gratuite de d\u00e9briefing personnalis\u00e9, avec un expert ind\u00e9pendant.\u00a0\u00bb]Pour participer \u00e0 cette enqu\u00eate, 10 \u00e0 15 minutes de votre temps suffisent.<\/p>\n<p>En janvier 2022, vous recevrez le rapport complet. Cela vous permettra de vous situer par rapport \u00e0 la moyenne belge et d&rsquo;identifier les points d&rsquo;am\u00e9liorations pour votre propre organisation. Si vous r\u00e9pondez \u00e0 5 ou plus, vous profitez \u00e9galement d&rsquo;une s\u00e9ance de d\u00e9briefing personnalis\u00e9, avec un expert ind\u00e9pendant.[\/vc_column_text][\/vc_column_inner][vc_column_inner width=\u00a0\u00bb1\/3&Prime;][vc_btn title=\u00a0\u00bbJe participe\u00a0\u00bb style=\u00a0\u00bb3d\u00a0\u00bb shape=\u00a0\u00bbround\u00a0\u00bb color=\u00a0\u00bbwarning\u00a0\u00bb size=\u00a0\u00bblg\u00a0\u00bb align=\u00a0\u00bbcenter\u00a0\u00bb i_align=\u00a0\u00bbright\u00a0\u00bb i_icon_fontawesome=\u00a0\u00bbfas fa-chevron-right\u00a0\u00bb css_animation=\u00a0\u00bbbounceInUp\u00a0\u00bb title_nl_be=\u00a0\u00bbIk neem deel\u00a0\u00bb link_nl_be=\u00a0\u00bburl:http%3A%2F%2Fwww.digital-asbl.be%2Fnl%2Fi-participate%2F\u00a0\u00bb title_fr_be=\u00a0\u00bbJe participe\u00a0\u00bb link_fr_be=\u00a0\u00bburl:http%3A%2F%2Fwww.digital-asbl.be%2Ffr%2Fi-participate%2F|title:Je%20participe%20seul\u00a0\u00bb add_icon=\u00a0\u00bbtrue\u00a0\u00bb link=\u00a0\u00bburl:http%3A%2F%2Fwww.digital-asbl.be%2Fi-participate%2F|title:Je%20participe%20seul\u00a0\u00bb][\/vc_column_inner][\/vc_row_inner][\/vc_column][\/vc_row][vc_row type=\u00a0\u00bbvc_default\u00a0\u00bb][vc_column offset=\u00a0\u00bbvc_col-lg-6 vc_col-md-6 vc_col-xs-12&Prime; css=\u00a0\u00bb.vc_custom_1490268456882{padding-bottom: 50px !important;}\u00a0\u00bb][vc_column_text content_nl_be=\u00a0\u00bb<\/p>\n<h3>Wie zijn wij ?<\/h3>\n<p>\u00a0\u00bb content_fr_be=\u00a0\u00bb<\/p>\n<h3>Qui sommes-nous ?<\/h3>\n<p>\u00ab\u00a0]<\/p>\n<h3>Qui sommes-nous ?<\/h3>\n<p>[\/vc_column_text][vc_column_text content_nl_be=\u00a0\u00bbDeze enqu\u00eate is het resultaat van een partnerschap tussen verschillende organisaties die verenigingen in Belgi\u00eb ondersteunen. Het werd ge\u00efnitieerd door Egg3.eu en Toolbox.be. Andere organisaties hebben zich aangesloten bij dit initiatief.\u00a0\u00bb content_fr_be=\u00a0\u00bbCette enqu\u00eate est le fruit d\u2019un partenariat entre plusieurs organisations qui accompagnent les associations en Belgique. La d\u00e9marche a \u00e9t\u00e9 initi\u00e9e par Egg3.eu et par Toolbox.be. D\u2019autres organisations sont venus apporter leur soutien et servir de relais \u00e0 cette initiative.\u00a0\u00bb]Cette enqu\u00eate est le fruit d&rsquo;un partenariat entre plusieurs organisations qui accompagnent les associations en Belgique. La d\u00e9marche a \u00e9t\u00e9 initi\u00e9e par Egg3.eu et par Toolbox.be. D&rsquo;autres organisations sont venus apporter leur soutien et servir de relais \u00e0 cette initiative.[\/vc_column_text][\/vc_column][vc_column offset=\u00a0\u00bbvc_col-lg-6 vc_col-md-6 vc_col-xs-12&Prime; css=\u00a0\u00bb.vc_custom_1490268460084{padding-bottom: 50px !important;}\u00a0\u00bb][vc_column_text content_nl_be=\u00a0\u00bb<\/p>\n<h3>Waarom deze enqu\u00eate ?<\/h3>\n<p>\u00a0\u00bb content_fr_be=\u00a0\u00bb<\/p>\n<h3>Pourquoi cette enqu\u00eate ?<\/h3>\n<p>\u00ab\u00a0]<\/p>\n<h3>Pourquoi cette enqu\u00eate ?<\/h3>\n<p>[\/vc_column_text][vc_column_text content_nl_be=\u00a0\u00bbDigitale hulpmiddelen verveelvoudigen de macht van een organisatie. Wanneer maatschappelijke kwesties door de organisatie worden aangepakt, wordt digitale effici\u00ebntie een cruciaal punt. Dit onderzoek staat ten dienste van de actoren in de vrijwilligerssector. Het helpt hen zich te positioneren, zodat zij zich op dit gebied kunnen positioneren en hun inspanningen kunnen optimaliseren.<\/p>\n<p>Vandaag de dag opereren organisaties in een bijzonder veranderlijke en onstabiele omgeving. Hun noodgevallen zijn dringend. De middelen zijn beperkt. Tijd ook. Door een gebrek aan tijd en\/of vaardigheden hebben verenigingen soms geen volledige toegang tot de kracht van de nieuwste digitale instrumenten.<\/p>\n<p>Deze enqu\u00eate laat zien in welke mate de sector is uitgerijpt, zodat elke speler zich kan positioneren en digitaal op een meer proactieve, relevante en effici\u00ebnte manier kan implementeren.\u00a0\u00bb content_fr_be=\u00a0\u00bbLes outils digitaux d\u00e9multiplient la force de frappe d\u2019une organisation. Lorsque ce sont des enjeux soci\u00e9taux qui sont abord\u00e9s par cette organisation, l\u2019efficacit\u00e9 digitale devient un enjeu crucial. Cette enqu\u00eate est au service des acteurs du secteur associatif. Elle les aide \u00e0 se positionner, de sorte qu\u2019ils puissent optimaliser leurs efforts dans ce domaine.<\/p>\n<p>Aujourd\u2019hui, les associations op\u00e8rent dans un environnement particuli\u00e8rement changeant et instable. Leurs urgences se bousculent. Les moyens sont limit\u00e9s. Les ressources sont compt\u00e9es. Le temps aussi. Par manque de temps et\/ou par p\u00e9nurie de comp\u00e9tences, les associations n\u2019ont parfois pas pleinement acc\u00e8s \u00e0 la puissance des outils digitaux de derni\u00e8re g\u00e9n\u00e9ration.<\/p>\n<p>Cette enqu\u00eate met en lumi\u00e8re le degr\u00e9 de maturit\u00e9 du secteur, permettant ainsi \u00e0 chaque acteur de se positionner et de mettre en \u0153uvre le digital d\u2019une mani\u00e8re plus volontariste, plus pertinente et plus efficiente.\u00a0\u00bb]Les outils digitaux d\u00e9multiplient la force de frappe d&rsquo;une organisation. Lorsque ce sont des enjeux soci\u00e9taux qui sont abord\u00e9s par cette organisation, l&rsquo;efficacit\u00e9 digitale devient un enjeu crucial. Cette enqu\u00eate est au service des acteurs du secteur associatif. Elle les aide \u00e0 se positionner, de sorte qu&rsquo;ils puissent se positionner et optimaliser leurs efforts dans ce domaine.<\/p>\n<p>Aujourd&rsquo;hui, les associations op\u00e8rent dans un environnement particuli\u00e8rement changeant et instable. Leurs urgences se bousculent. Les moyens sont limit\u00e9s. Les ressources sont compt\u00e9es. Le temps aussi.<\/p>\n<p>Par manque de temps et\/ou par p\u00e9nurie de comp\u00e9tences, les associations n\u2019ont parfois pas pleinement acc\u00e8s \u00e0 la puissance des outils digitaux de derni\u00e8re g\u00e9n\u00e9ration. Cette enqu\u00eate met en lumi\u00e8re le degr\u00e9 de maturit\u00e9 du secteur, permettant ainsi \u00e0 chaque acteur de se positionner et de mettre en \u0153uvre le digital d&rsquo;une mani\u00e8re plus volontariste, plus pertinente et plus efficiente.[\/vc_column_text][\/vc_column][\/vc_row]<\/p>\n<\/div>","protected":false},"excerpt":{"rendered":"<p>[vc_row full_width=\u00a0\u00bbstretch_row\u00a0\u00bb bg_type=\u00a0\u00bbimage\u00a0\u00bb parallax_style=\u00a0\u00bbvcpb-vz-jquery\u00a0\u00bb bg_image_new=\u00a0\u00bbid^1616|url^http:\/\/www.digital-asbl.be\/wp-content\/uploads\/2014\/03\/fancyblue.gif|caption^null|alt^null|title^fancyblue|description^null\u00a0\u00bb bg_image_repeat=\u00a0\u00bbno-repeat\u00a0\u00bb bg_override=\u00a0\u00bbex-full\u00a0\u00bb type=\u00a0\u00bbvc_default\u00a0\u00bb margin_top=\u00a0\u00bb-50&Prime; css=\u00a0\u00bb.vc_custom_1631564047419{padding-top: 10% !important;padding-bottom: 10% !important;background: #0b5482 url(http:\/\/www.digital-asbl.be\/wp-content\/uploads\/revslider\/The7-creative-hero-image\/ree1.gif?id=2120) !important;}\u00a0\u00bb][vc_column offset=\u00a0\u00bbvc_col-lg-12 vc_col-md-12&Prime; css=\u00a0\u00bb.vc_custom_1526058643829{padding-top: 100px !important;padding-bottom: 20px !important;}\u00a0\u00bb][vc_column_text content_nl_be=\u00a0\u00bb DIGITAAL IN DE NON-PROFITSECTOR IN BELGI\u00cb \u00a0\u00bb content_fr_be=\u00a0\u00bb LE DIGITAL DANS LE SECTEUR ASSOCIATIF EN BELGIQUE \u00a0\u00bb css=\u00a0\u00bb.vc_custom_1631898448941{margin-bottom: 20px !important;}\u00a0\u00bb] DIGITAL IN THE NON-PROFIT SECTOR IN BELGIUM [\/vc_column_text][\/vc_column][\/vc_row][vc_row css=\u00a0\u00bb.vc_custom_1627918334002{padding-bottom: 30px&hellip;<\/p>\n","protected":false},"author":1,"featured_media":0,"parent":0,"menu_order":10,"comment_status":"closed","ping_status":"closed","template":"","meta":{"_coblocks_attr":"","_coblocks_dimensions":"","_coblocks_responsive_height":"","_coblocks_accordion_ie_support":"","footnotes":""},"_links":{"self":[{"href":"http:\/\/www.digital-asbl.be\/fr\/wp-json\/wp\/v2\/pages\/1818"}],"collection":[{"href":"http:\/\/www.digital-asbl.be\/fr\/wp-json\/wp\/v2\/pages"}],"about":[{"href":"http:\/\/www.digital-asbl.be\/fr\/wp-json\/wp\/v2\/types\/page"}],"author":[{"embeddable":true,"href":"http:\/\/www.digital-asbl.be\/fr\/wp-json\/wp\/v2\/users\/1"}],"replies":[{"embeddable":true,"href":"http:\/\/www.digital-asbl.be\/fr\/wp-json\/wp\/v2\/comments?post=1818"}],"version-history":[{"count":52,"href":"http:\/\/www.digital-asbl.be\/fr\/wp-json\/wp\/v2\/pages\/1818\/revisions"}],"predecessor-version":[{"id":2320,"href":"http:\/\/www.digital-asbl.be\/fr\/wp-json\/wp\/v2\/pages\/1818\/revisions\/2320"}],"wp:attachment":[{"href":"http:\/\/www.digital-asbl.be\/fr\/wp-json\/wp\/v2\/media?parent=1818"}],"curies":[{"name":"wp","href":"https:\/\/api.w.org\/{rel}","templated":true}]}}