{"id":2186,"date":"2021-08-02T15:54:49","date_gmt":"2021-08-02T15:54:49","guid":{"rendered":"http:\/\/www.digital-asbl.be\/?page_id=2186"},"modified":"2021-10-12T14:56:07","modified_gmt":"2021-10-12T14:56:07","slug":"i-participate","status":"publish","type":"page","link":"http:\/\/www.digital-asbl.be\/fr\/i-participate\/","title":{"rendered":"I participate"},"content":{"rendered":"<div class=\"wpb-content-wrapper\"><p>[vc_row][vc_column width=\u00a0\u00bb1\/2&Prime;][vc_column_text content_nl_be=\u00a0\u00bb<\/p>\n<h1>We beginnen eraan !<\/h1>\n<p>\u00a0\u00bb content_fr_be=\u00a0\u00bb<\/p>\n<h1>En avant !<\/h1>\n<p>\u00ab\u00a0]<\/p>\n<h1>C&rsquo;est parti !<\/h1>\n<p>[\/vc_column_text][vc_raw_html]JTNDZGl2JTIwaWQlM0QlMjJ6Zl9kaXZfNlZEdGwtblVWbk55Zk5OR2Z3TDN5Q21rTjVXX1hBREI4c0JQVlgtb3I0ZyUyMiUzRSUzQyUyRmRpdiUzRSUzQ3NjcmlwdCUyMHR5cGUlM0QlMjJ0ZXh0JTJGamF2YXNjcmlwdCUyMiUzRSUyOGZ1bmN0aW9uJTI4JTI5JTIwJTdCJTBBdHJ5JTdCJTBBdmFyJTIwZiUyMCUzRCUyMGRvY3VtZW50LmNyZWF0ZUVsZW1lbnQlMjglMjJpZnJhbWUlMjIlMjklM0IlMjAlMjAlMjAlMEFmLnNyYyUyMCUzRCUyMCUyN2h0dHBzJTNBJTJGJTJGZm9ybXMuem9ob3B1YmxpYy5jb20lMkZlZ2czYmUlMkZmb3JtJTJGRGlnaXRhbEFTQkwxJTJGZm9ybXBlcm1hJTJGNlZEdGwtblVWbk55Zk5OR2Z3TDN5Q21rTjVXX1hBREI4c0JQVlgtb3I0ZyUzRnpmX3JzemZtJTNEMSUyNyUzQiUwQWYuc3R5bGUuYm9yZGVyJTNEJTIybm9uZSUyMiUzQiUyMCUyMCUyMCUyMCUyMCUyMCUyMCUyMCUyMCUyMCUyMCUyMCUyMCUyMCUyMCUyMCUyMCUyMCUyMCUyMCUyMCUyMCUyMCUyMCUyMCUyMCUyMCUyMCUyMCUyMCUyMCUyMCUyMCUyMCUyMCUyMCUyMCUyMCUyMCUyMCUyMCUyMCUyMCUwQWYuc3R5bGUuaGVpZ2h0JTNEJTIyNjU5cHglMjIlM0IlMEFmLnN0eWxlLndpZHRoJTNEJTIyOTAlMjUlMjIlM0IlMEFmLnN0eWxlLnRyYW5zaXRpb24lM0QlMjJhbGwlMjAwLjVzJTIwZWFzZSUyMiUzQiUwQXZhciUyMGQlMjAlM0QlMjBkb2N1bWVudC5nZXRFbGVtZW50QnlJZCUyOCUyMnpmX2Rpdl82VkR0bC1uVVZuTnlmTk5HZndMM3lDbWtONVdfWEFEQjhzQlBWWC1vcjRnJTIyJTI5JTNCJTBBZC5hcHBlbmRDaGlsZCUyOGYlMjklM0IlMEF3aW5kb3cuYWRkRXZlbnRMaXN0ZW5lciUyOCUyN21lc3NhZ2UlMjclMkMlMjBmdW5jdGlvbiUyMCUyOCUyOSU3QiUwQXZhciUyMGV2bnREYXRhJTIwJTNEJTIwZXZlbnQuZGF0YSUzQiUwQWlmJTI4JTIwZXZudERhdGElMjAlMjYlMjYlMjBldm50RGF0YS5jb25zdHJ1Y3RvciUyMCUzRCUzRCUyMFN0cmluZyUyMCUyOSU3QiUwQXZhciUyMHpmX2lmcm1fZGF0YSUyMCUzRCUyMGV2bnREYXRhLnNwbGl0JTI4JTIyJTdDJTIyJTI5JTNCJTBBaWYlMjAlMjglMjB6Zl9pZnJtX2RhdGEubGVuZ3RoJTIwJTNEJTNEJTIwMiUyMCUyOSUyMCU3QiUwQXZhciUyMHpmX3Blcm1hJTIwJTNEJTIwemZfaWZybV9kYXRhJTVCMCU1RCUzQiUwQXZhciUyMHpmX2lmcm1faHRfbnclMjAlM0QlMjAlMjglMjBwYXJzZUludCUyOHpmX2lmcm1fZGF0YSU1QjElNUQlMkMlMjAxMCUyOSUyMCUyQiUyMDE1JTIwJTI5JTIwJTJCJTIwJTIycHglMjIlM0IlMEF2YXIlMjBpZnJhbWUlMjAlM0QlMjBkb2N1bWVudC5nZXRFbGVtZW50QnlJZCUyOCUyMnpmX2Rpdl82VkR0bC1uVVZuTnlmTk5HZndMM3lDbWtONVdfWEFEQjhzQlBWWC1vcjRnJTIyJTI5LmdldEVsZW1lbnRzQnlUYWdOYW1lJTI4JTIyaWZyYW1lJTIyJTI5JTVCMCU1RCUzQiUwQWlmJTIwJTI4JTIwJTI4aWZyYW1lLnNyYyUyOS5pbmRleE9mJTI4JTI3Zm9ybXBlcm1hJTI3JTI5JTIwJTNFJTIwMCUyMCUyNiUyNiUyMCUyOGlmcmFtZS5zcmMlMjkuaW5kZXhPZiUyOHpmX3Blcm1hJTI5JTIwJTNFJTIwMCUyMCUyOSUyMCU3QiUwQXZhciUyMHByZXZJZnJhbWVIZWlnaHQlMjAlM0QlMjBpZnJhbWUuc3R5bGUuaGVpZ2h0JTNCJTBBaWYlMjAlMjglMjBwcmV2SWZyYW1lSGVpZ2h0JTIwJTIxJTNEJTIwemZfaWZybV9odF9udyUyMCUyOSUyMCU3QiUwQWlmcmFtZS5zdHlsZS5oZWlnaHQlMjAlM0QlMjB6Zl9pZnJtX2h0X253JTNCJTBBJTdEJTIwJTIwJTIwJTBBJTdEJTBBJTdEJTBBJTdEJTBBJTdEJTJDJTIwZmFsc2UlMjklM0IlMEElN0RjYXRjaCUyOGUlMjklN0IlN0QlMEElN0QlMjklMjglMjklM0IlM0MlMkZzY3JpcHQlM0U=[\/vc_raw_html][\/vc_column][vc_column width=\u00a0\u00bb1\/2&Prime; css=\u00a0\u00bb.vc_custom_1631894985928{background-color: #ededed !important;}\u00a0\u00bb][vc_column_text content_nl_be=\u00a0\u00bb<\/p>\n<h3>Mijn bijdrage<\/h3>\n<p>\u00a0\u00bb content_fr_be=\u00a0\u00bb<\/p>\n<h3>Ma contribution<\/h3>\n<p>\u00ab\u00a0]<\/p>\n<h3>Ma contribution<\/h3>\n<p>[\/vc_column_text][vc_column_text content_nl_be=\u00a0\u00bb<\/p>\n<ul>\n<li>Ik beantwoord de enqu\u00eate individueel, namens mijn organisatie (10-15 minuten).<\/li>\n<\/ul>\n<p>\u00a0\u00bb content_fr_be=\u00a0\u00bb<\/p>\n<ul>\n<li>Je participe \u00e0 l&rsquo;enqu\u00eate, au nom de mon organisation (pr\u00e9voir 10 \u00e0 15 minutes).<\/li>\n<\/ul>\n<p>\u00ab\u00a0]<\/p>\n<ul>\n<li>Je participe \u00e0 l&rsquo;enqu\u00eate (pr\u00e9voir 15 \u00e0 20 minutes).<\/li>\n<\/ul>\n<p>[\/vc_column_text][vc_column_text content_nl_be=\u00a0\u00bb<\/p>\n<h3>Mijn voordelen<\/h3>\n<p>\u00a0\u00bb content_fr_be=\u00a0\u00bb<\/p>\n<h3>Mes b\u00e9n\u00e9fices<\/h3>\n<p>\u00ab\u00a0]<\/p>\n<h3>Mon b\u00e9n\u00e9fice<\/h3>\n<p>[\/vc_column_text][vc_column_text content_nl_be=\u00a0\u00bb<\/p>\n<ul>\n<li>Ik draag bij tot een beter begrip van de digitale uitdagingen in de non-profit sector in Belgi\u00eb.<\/li>\n<li>Eind december 2021 ontvang ik een overzicht van mijn antwoorden alsook het volledige verslag. Zo kan ik zien hoe mijn organisatie zich verhoudt tot het gemiddelde in de sector.<\/li>\n<\/ul>\n<p>\u00a0\u00bb content_fr_be=\u00a0\u00bb<\/p>\n<ul>\n<li>Je contribue \u00e0 une meilleure compr\u00e9hension des enjeux du digital dans le secteur associatif en Belgique.<\/li>\n<li>Fin d\u00e9cembre 2021, je re\u00e7ois un rappel de mes r\u00e9ponses et le rapport complet. Je pourrai ainsi situer mon organisation par rapport \u00e0 la moyenne du secteur.<\/li>\n<\/ul>\n<p>\u00ab\u00a0]<\/p>\n<ul>\n<li>Je contribue \u00e0 une meilleure compr\u00e9hension des enjeux du digital dans le secteur associatif en Belgique.<\/li>\n<li>Fin d\u00e9cembre 2021, je re\u00e7ois un rappel de mes r\u00e9ponses et le rapport complet. Je pourrai ainsi situer mon organisation par rapport \u00e0 la moyenne du secteur.<\/li>\n<\/ul>\n<p>[\/vc_column_text][\/vc_column][\/vc_row]<\/p>\n<\/div>","protected":false},"excerpt":{"rendered":"<p>[vc_row][vc_column width=\u00a0\u00bb1\/2&Prime;][vc_column_text content_nl_be=\u00a0\u00bb We beginnen eraan ! \u00a0\u00bb content_fr_be=\u00a0\u00bb En avant ! \u00ab\u00a0] C&rsquo;est parti ! [\/vc_column_text][vc_raw_html]JTNDZGl2JTIwaWQlM0QlMjJ6Zl9kaXZfNlZEdGwtblVWbk55Zk5OR2Z3TDN5Q21rTjVXX1hBREI4c0JQVlgtb3I0ZyUyMiUzRSUzQyUyRmRpdiUzRSUzQ3NjcmlwdCUyMHR5cGUlM0QlMjJ0ZXh0JTJGamF2YXNjcmlwdCUyMiUzRSUyOGZ1bmN0aW9uJTI4JTI5JTIwJTdCJTBBdHJ5JTdCJTBBdmFyJTIwZiUyMCUzRCUyMGRvY3VtZW50LmNyZWF0ZUVsZW1lbnQlMjglMjJpZnJhbWUlMjIlMjklM0IlMjAlMjAlMjAlMEFmLnNyYyUyMCUzRCUyMCUyN2h0dHBzJTNBJTJGJTJGZm9ybXMuem9ob3B1YmxpYy5jb20lMkZlZ2czYmUlMkZmb3JtJTJGRGlnaXRhbEFTQkwxJTJGZm9ybXBlcm1hJTJGNlZEdGwtblVWbk55Zk5OR2Z3TDN5Q21rTjVXX1hBREI4c0JQVlgtb3I0ZyUzRnpmX3JzemZtJTNEMSUyNyUzQiUwQWYuc3R5bGUuYm9yZGVyJTNEJTIybm9uZSUyMiUzQiUyMCUyMCUyMCUyMCUyMCUyMCUyMCUyMCUyMCUyMCUyMCUyMCUyMCUyMCUyMCUyMCUyMCUyMCUyMCUyMCUyMCUyMCUyMCUyMCUyMCUyMCUyMCUyMCUyMCUyMCUyMCUyMCUyMCUyMCUyMCUyMCUyMCUyMCUyMCUyMCUyMCUyMCUyMCUwQWYuc3R5bGUuaGVpZ2h0JTNEJTIyNjU5cHglMjIlM0IlMEFmLnN0eWxlLndpZHRoJTNEJTIyOTAlMjUlMjIlM0IlMEFmLnN0eWxlLnRyYW5zaXRpb24lM0QlMjJhbGwlMjAwLjVzJTIwZWFzZSUyMiUzQiUwQXZhciUyMGQlMjAlM0QlMjBkb2N1bWVudC5nZXRFbGVtZW50QnlJZCUyOCUyMnpmX2Rpdl82VkR0bC1uVVZuTnlmTk5HZndMM3lDbWtONVdfWEFEQjhzQlBWWC1vcjRnJTIyJTI5JTNCJTBBZC5hcHBlbmRDaGlsZCUyOGYlMjklM0IlMEF3aW5kb3cuYWRkRXZlbnRMaXN0ZW5lciUyOCUyN21lc3NhZ2UlMjclMkMlMjBmdW5jdGlvbiUyMCUyOCUyOSU3QiUwQXZhciUyMGV2bnREYXRhJTIwJTNEJTIwZXZlbnQuZGF0YSUzQiUwQWlmJTI4JTIwZXZudERhdGElMjAlMjYlMjYlMjBldm50RGF0YS5jb25zdHJ1Y3RvciUyMCUzRCUzRCUyMFN0cmluZyUyMCUyOSU3QiUwQXZhciUyMHpmX2lmcm1fZGF0YSUyMCUzRCUyMGV2bnREYXRhLnNwbGl0JTI4JTIyJTdDJTIyJTI5JTNCJTBBaWYlMjAlMjglMjB6Zl9pZnJtX2RhdGEubGVuZ3RoJTIwJTNEJTNEJTIwMiUyMCUyOSUyMCU3QiUwQXZhciUyMHpmX3Blcm1hJTIwJTNEJTIwemZfaWZybV9kYXRhJTVCMCU1RCUzQiUwQXZhciUyMHpmX2lmcm1faHRfbnclMjAlM0QlMjAlMjglMjBwYXJzZUludCUyOHpmX2lmcm1fZGF0YSU1QjElNUQlMkMlMjAxMCUyOSUyMCUyQiUyMDE1JTIwJTI5JTIwJTJCJTIwJTIycHglMjIlM0IlMEF2YXIlMjBpZnJhbWUlMjAlM0QlMjBkb2N1bWVudC5nZXRFbGVtZW50QnlJZCUyOCUyMnpmX2Rpdl82VkR0bC1uVVZuTnlmTk5HZndMM3lDbWtONVdfWEFEQjhzQlBWWC1vcjRnJTIyJTI5LmdldEVsZW1lbnRzQnlUYWdOYW1lJTI4JTIyaWZyYW1lJTIyJTI5JTVCMCU1RCUzQiUwQWlmJTIwJTI4JTIwJTI4aWZyYW1lLnNyYyUyOS5pbmRleE9mJTI4JTI3Zm9ybXBlcm1hJTI3JTI5JTIwJTNFJTIwMCUyMCUyNiUyNiUyMCUyOGlmcmFtZS5zcmMlMjkuaW5kZXhPZiUyOHpmX3Blcm1hJTI5JTIwJTNFJTIwMCUyMCUyOSUyMCU3QiUwQXZhciUyMHByZXZJZnJhbWVIZWlnaHQlMjAlM0QlMjBpZnJhbWUuc3R5bGUuaGVpZ2h0JTNCJTBBaWYlMjAlMjglMjBwcmV2SWZyYW1lSGVpZ2h0JTIwJTIxJTNEJTIwemZfaWZybV9odF9udyUyMCUyOSUyMCU3QiUwQWlmcmFtZS5zdHlsZS5oZWlnaHQlMjAlM0QlMjB6Zl9pZnJtX2h0X253JTNCJTBBJTdEJTIwJTIwJTIwJTBBJTdEJTBBJTdEJTBBJTdEJTBBJTdEJTJDJTIwZmFsc2UlMjklM0IlMEElN0RjYXRjaCUyOGUlMjklN0IlN0QlMEElN0QlMjklMjglMjklM0IlM0MlMkZzY3JpcHQlM0U=[\/vc_raw_html][\/vc_column][vc_column width=\u00a0\u00bb1\/2&Prime; css=\u00a0\u00bb.vc_custom_1631894985928{background-color: #ededed !important;}\u00a0\u00bb][vc_column_text content_nl_be=\u00a0\u00bb Mijn bijdrage \u00a0\u00bb content_fr_be=\u00a0\u00bb Ma contribution \u00ab\u00a0] Ma contribution [\/vc_column_text][vc_column_text content_nl_be=\u00a0\u00bb Ik beantwoord de enqu\u00eate individueel, namens mijn organisatie (10-15 minuten). \u00a0\u00bb content_fr_be=\u00a0\u00bb Je participe \u00e0 l&rsquo;enqu\u00eate, au nom de mon organisation (pr\u00e9voir&hellip;<\/p>\n","protected":false},"author":1,"featured_media":0,"parent":0,"menu_order":60,"comment_status":"closed","ping_status":"closed","template":"","meta":{"_coblocks_attr":"","_coblocks_dimensions":"","_coblocks_responsive_height":"","_coblocks_accordion_ie_support":"","footnotes":""},"_links":{"self":[{"href":"http:\/\/www.digital-asbl.be\/fr\/wp-json\/wp\/v2\/pages\/2186"}],"collection":[{"href":"http:\/\/www.digital-asbl.be\/fr\/wp-json\/wp\/v2\/pages"}],"about":[{"href":"http:\/\/www.digital-asbl.be\/fr\/wp-json\/wp\/v2\/types\/page"}],"author":[{"embeddable":true,"href":"http:\/\/www.digital-asbl.be\/fr\/wp-json\/wp\/v2\/users\/1"}],"replies":[{"embeddable":true,"href":"http:\/\/www.digital-asbl.be\/fr\/wp-json\/wp\/v2\/comments?post=2186"}],"version-history":[{"count":17,"href":"http:\/\/www.digital-asbl.be\/fr\/wp-json\/wp\/v2\/pages\/2186\/revisions"}],"predecessor-version":[{"id":2310,"href":"http:\/\/www.digital-asbl.be\/fr\/wp-json\/wp\/v2\/pages\/2186\/revisions\/2310"}],"wp:attachment":[{"href":"http:\/\/www.digital-asbl.be\/fr\/wp-json\/wp\/v2\/media?parent=2186"}],"curies":[{"name":"wp","href":"https:\/\/api.w.org\/{rel}","templated":true}]}}